{"id":23,"date":"2015-04-21T11:45:29","date_gmt":"2015-04-21T10:45:29","guid":{"rendered":"http:\/\/www.bet-dejardin.fr\/?page_id=23"},"modified":"2021-02-04T11:18:43","modified_gmt":"2021-02-04T10:18:43","slug":"nous-trouver","status":"publish","type":"page","link":"https:\/\/bet-dejardin.fr\/?page_id=23","title":{"rendered":"Recrutement"},"content":{"rendered":"<p class=\"Standard\"><b><u>POSTE TECHNICIEN BUREAU D&rsquo;ETUDE EXPERIMENTE<\/u><\/b><\/p>\n<p class=\"Standard\">Nous recherchons une personne titulaire d&rsquo;un bac +2\/+3 en G\u00e9nie climatique.<\/p>\n<p class=\"Standard\" style=\"text-align: justify; text-justify: inter-ideograph;\">Sa mission : en tant que technicien de bureau d&rsquo;\u00e9tudes, r\u00e9aliser calculs de dimensionnement et plans dans le cadre d\u2019une d\u00e9marche BIM pour des chantiers de b\u00e2timents tertiaires tels que h\u00f4pitaux, lyc\u00e9es, palaces, piscines ou maisons de retraite. Ces \u00e9tudes et plans, pr\u00e9cises et d\u00e9taill\u00e9es, sont r\u00e9alis\u00e9es en sous-traitance d&rsquo;entreprises de g\u00e9nie climatique dans le but de r\u00e9aliser les travaux sur chantier.<\/p>\n<p class=\"Standard\" style=\"text-align: justify; text-justify: inter-ideograph;\">L\u2019exp\u00e9rience en BIM est un plus mais n\u2019est pas indispensable. Elle pourra \u00eatre r\u00e9alis\u00e9e en interne.<\/p>\n<p class=\"Standard\">Les qualit\u00e9s requises sont l&rsquo;adaptabilit\u00e9, le s\u00e9rieux, la rigueur et l&rsquo;esprit d&rsquo;\u00e9quipe.<\/p>\n<p>Exp\u00e9rience souhait\u00e9e : 3 ans minimum dans le domaine du CVC b\u00e2timent.<\/p>\n<p class=\"Standard\"><b><u>POSTE TECHNICIEN BUREAU D&rsquo;ETUDE JUNIOR<\/u><\/b><\/p>\n<p class=\"Standard\">Nous recherchons une personne titulaire d&rsquo;un bac +2\/+3 en G\u00e9nie climatique.<\/p>\n<p class=\"Standard\" style=\"text-align: justify; text-justify: inter-ideograph;\">Sa mission : en tant que technicien de bureau d&rsquo;\u00e9tudes, r\u00e9aliser calculs de dimensionnement et plans dans le cadre d\u2019une d\u00e9marche BIM sous la tutelle d&rsquo;un chef de projet pour des chantiers de b\u00e2timents tertiaires tels que h\u00f4pitaux, lyc\u00e9es, palaces, piscines ou maisons de retraite. Ces \u00e9tudes et plans, pr\u00e9cises et d\u00e9taill\u00e9es, sont r\u00e9alis\u00e9es en sous-traitance d&rsquo;entreprises de g\u00e9nie climatique dans le but de r\u00e9aliser les travaux sur chantier.<\/p>\n<p class=\"Standard\" style=\"text-align: justify; text-justify: inter-ideograph;\">L\u2019exp\u00e9rience en BIM est un plus mais n\u2019est pas indispensable. Elle pourra \u00eatre r\u00e9alis\u00e9e en interne.<\/p>\n<p class=\"Standard\">Les qualit\u00e9s requises sont l&rsquo;adaptabilit\u00e9, le s\u00e9rieux, la rigueur et l&rsquo;esprit d&rsquo;\u00e9quipe.<\/p>\n<p><b><u>ALTERNANCE<\/u><\/b><\/p>\n<p style=\"text-align: left;\">Nous recrutons chaque ann\u00e9e un \u00e0 deux apprentis \/ alternants niveau licence dans le domaine du g\u00e9nie climatique.<\/p>\n","protected":false},"excerpt":{"rendered":"<p>POSTE TECHNICIEN BUREAU D&rsquo;ETUDE EXPERIMENTE Nous recherchons une personne titulaire d&rsquo;un bac +2\/+3 en G\u00e9nie climatique. Sa mission : en tant que technicien de bureau d&rsquo;\u00e9tudes, r\u00e9aliser calculs de dimensionnement et plans dans le cadre d\u2019une d\u00e9marche BIM pour des chantiers de b\u00e2timents tertiaires tels que h\u00f4pitaux, lyc\u00e9es, palaces, piscines ou maisons de retraite. Ces [&hellip;]<\/p>\n","protected":false},"author":1,"featured_media":572,"parent":0,"menu_order":4,"comment_status":"closed","ping_status":"closed","template":"","meta":{"footnotes":""},"class_list":["post-23","page","type-page","status-publish","has-post-thumbnail","hentry"],"_links":{"self":[{"href":"https:\/\/bet-dejardin.fr\/index.php?rest_route=\/wp\/v2\/pages\/23","targetHints":{"allow":["GET"]}}],"collection":[{"href":"https:\/\/bet-dejardin.fr\/index.php?rest_route=\/wp\/v2\/pages"}],"about":[{"href":"https:\/\/bet-dejardin.fr\/index.php?rest_route=\/wp\/v2\/types\/page"}],"author":[{"embeddable":true,"href":"https:\/\/bet-dejardin.fr\/index.php?rest_route=\/wp\/v2\/users\/1"}],"replies":[{"embeddable":true,"href":"https:\/\/bet-dejardin.fr\/index.php?rest_route=%2Fwp%2Fv2%2Fcomments&post=23"}],"version-history":[{"count":21,"href":"https:\/\/bet-dejardin.fr\/index.php?rest_route=\/wp\/v2\/pages\/23\/revisions"}],"predecessor-version":[{"id":978,"href":"https:\/\/bet-dejardin.fr\/index.php?rest_route=\/wp\/v2\/pages\/23\/revisions\/978"}],"wp:featuredmedia":[{"embeddable":true,"href":"https:\/\/bet-dejardin.fr\/index.php?rest_route=\/wp\/v2\/media\/572"}],"wp:attachment":[{"href":"https:\/\/bet-dejardin.fr\/index.php?rest_route=%2Fwp%2Fv2%2Fmedia&parent=23"}],"curies":[{"name":"wp","href":"https:\/\/api.w.org\/{rel}","templated":true}]}}