{"id":25,"date":"2015-04-21T11:45:40","date_gmt":"2015-04-21T10:45:40","guid":{"rendered":"http:\/\/www.bet-dejardin.fr\/?page_id=25"},"modified":"2022-08-05T07:57:01","modified_gmt":"2022-08-05T06:57:01","slug":"nous-contacter","status":"publish","type":"page","link":"https:\/\/bet-dejardin.fr\/?page_id=25","title":{"rendered":"Contact"},"content":{"rendered":"<p style=\"padding-left: 60px;\"><strong><a href=\"http:\/\/s575245976.onlinehome.fr\/wp-content\/uploads\/2022\/07\/Logo-Dejardin-V2-400x400-1.png\"><img loading=\"lazy\" decoding=\"async\" class=\"wp-image-1018 size-thumbnail alignleft\" src=\"http:\/\/s575245976.onlinehome.fr\/wp-content\/uploads\/2022\/07\/Logo-Dejardin-V2-400x400-1-150x150.png\" alt=\"\" width=\"150\" height=\"150\" srcset=\"https:\/\/bet-dejardin.fr:443\/wp-content\/uploads\/2022\/07\/Logo-Dejardin-V2-400x400-1-150x150.png 150w, https:\/\/bet-dejardin.fr:443\/wp-content\/uploads\/2022\/07\/Logo-Dejardin-V2-400x400-1-300x300.png 300w, https:\/\/bet-dejardin.fr:443\/wp-content\/uploads\/2022\/07\/Logo-Dejardin-V2-400x400-1.png 400w\" sizes=\"auto, (max-width: 150px) 100vw, 150px\" \/><\/a>BET D\u00e9jardin<\/strong><br \/>\n86 avenue Trespoey<br \/>\nB\u00e2timent A &#8211; 3\u00e8me \u00e9tage<br \/>\n64000 PAU<br \/>\nT\u00e9l : 09 83 49 87 30<br \/>\nEmail : <a href=\"mailto:contact@bet-dejardin.fr\">contact@bet-dejardin.fr<\/a><\/p>\n","protected":false},"excerpt":{"rendered":"<p>BET D\u00e9jardin 86 avenue Trespoey B\u00e2timent A &#8211; 3\u00e8me \u00e9tage 64000 PAU T\u00e9l : 09 83 49 87 30 Email : contact@bet-dejardin.fr<\/p>\n","protected":false},"author":1,"featured_media":572,"parent":0,"menu_order":5,"comment_status":"closed","ping_status":"closed","template":"","meta":{"footnotes":""},"class_list":["post-25","page","type-page","status-publish","has-post-thumbnail","hentry"],"_links":{"self":[{"href":"https:\/\/bet-dejardin.fr\/index.php?rest_route=\/wp\/v2\/pages\/25","targetHints":{"allow":["GET"]}}],"collection":[{"href":"https:\/\/bet-dejardin.fr\/index.php?rest_route=\/wp\/v2\/pages"}],"about":[{"href":"https:\/\/bet-dejardin.fr\/index.php?rest_route=\/wp\/v2\/types\/page"}],"author":[{"embeddable":true,"href":"https:\/\/bet-dejardin.fr\/index.php?rest_route=\/wp\/v2\/users\/1"}],"replies":[{"embeddable":true,"href":"https:\/\/bet-dejardin.fr\/index.php?rest_route=%2Fwp%2Fv2%2Fcomments&post=25"}],"version-history":[{"count":22,"href":"https:\/\/bet-dejardin.fr\/index.php?rest_route=\/wp\/v2\/pages\/25\/revisions"}],"predecessor-version":[{"id":1029,"href":"https:\/\/bet-dejardin.fr\/index.php?rest_route=\/wp\/v2\/pages\/25\/revisions\/1029"}],"wp:featuredmedia":[{"embeddable":true,"href":"https:\/\/bet-dejardin.fr\/index.php?rest_route=\/wp\/v2\/media\/572"}],"wp:attachment":[{"href":"https:\/\/bet-dejardin.fr\/index.php?rest_route=%2Fwp%2Fv2%2Fmedia&parent=25"}],"curies":[{"name":"wp","href":"https:\/\/api.w.org\/{rel}","templated":true}]}}