{"id":38,"date":"2015-04-24T13:39:46","date_gmt":"2015-04-24T12:39:46","guid":{"rendered":"http:\/\/www.bet-dejardin.fr\/?page_id=38"},"modified":"2022-08-05T07:56:07","modified_gmt":"2022-08-05T06:56:07","slug":"page-principale","status":"publish","type":"page","link":"https:\/\/bet-dejardin.fr\/","title":{"rendered":"Pr\u00e9sentation"},"content":{"rendered":"<p style=\"text-align: justify; padding-left: 60px;\"><a href=\"http:\/\/s575245976.onlinehome.fr\/wp-content\/uploads\/2022\/07\/Logo-Dejardin-V2-400x400-1.png\"><img loading=\"lazy\" decoding=\"async\" class=\"alignleft wp-image-1018\" src=\"http:\/\/s575245976.onlinehome.fr\/wp-content\/uploads\/2022\/07\/Logo-Dejardin-V2-400x400-1.png\" alt=\"\" width=\"150\" height=\"150\" srcset=\"https:\/\/bet-dejardin.fr:443\/wp-content\/uploads\/2022\/07\/Logo-Dejardin-V2-400x400-1.png 400w, https:\/\/bet-dejardin.fr:443\/wp-content\/uploads\/2022\/07\/Logo-Dejardin-V2-400x400-1-300x300.png 300w, https:\/\/bet-dejardin.fr:443\/wp-content\/uploads\/2022\/07\/Logo-Dejardin-V2-400x400-1-150x150.png 150w\" sizes=\"auto, (max-width: 150px) 100vw, 150px\" \/><\/a>Cr\u00e9\u00e9 en 2007 et situ\u00e9 \u00e0 Pau (64000), notre bureau d&rsquo;\u00e9tudes est\u00a0sp\u00e9cialis\u00e9 dans l&rsquo;ing\u00e9nierie des fluides appliqu\u00e9e aux b\u00e2timents tertiaires, \u00e0 l&rsquo;industrie et aux logements : chauffage, climatisation, ventilation,\u00a0plomberie sanitaire, gaz,\u00a0fontainerie,\u00a0traitement d&rsquo;air, extraction sp\u00e9cifique,\u00a0d\u00e9senfumage, fluides m\u00e9dicaux, fluides industriels, protection incendie, \u00e9nergies renouvelables&#8230;<\/p>\n<div id=\"containerGlobal\" class=\"JS_PJ\">\n<div id=\"containerGlobalMain\">\n<div id=\"wrapperMain\" class=\"sc\">\n<div id=\"containerMain\" class=\"containerMain\">\n<article id=\"article\">\n<section id=\"presentationArea\" class=\"sc\">\n<div id=\"presentation\" class=\"wrapSection sc\">\n<div class=\"colLeft\">\n<div class=\"cviv\">\n<div class=\"presentation\">\n<p style=\"text-align: justify;\">Notre activit\u00e9 principale concerne les \u00e9tudes d&rsquo;ex\u00e9cution et de synth\u00e8se technique en phase travaux ou en conception r\u00e9alisation.<\/p>\n<p style=\"text-align: justify;\">Depuis 2016, beaucoup de nos \u00e9tudes sont r\u00e9alis\u00e9es en BIM (<a href=\"https:\/\/www.bing.com\/videos\/search?q=qu%27est+ce+que+le+bim&amp;docid=608036068205462299&amp;mid=27D6E9429467398496AB27D6E9429467398496AB&amp;view=detail&amp;FORM=VIRE\" target=\"_blank\" rel=\"noopener\">cliquer ici pour une vid\u00e9o explicative sur le BIM<\/a>) .<\/p>\n<p style=\"text-align: justify;\">Nous intervenons aussi pour des missions de ma\u00eetrise d&rsquo;\u0153uvre, de diagnostic et de conseil.<\/p>\n<\/div>\n<\/div>\n<\/div>\n<\/div>\n<\/section>\n<\/article>\n<\/div>\n<\/div>\n<\/div>\n<\/div>\n","protected":false},"excerpt":{"rendered":"<p>Cr\u00e9\u00e9 en 2007 et situ\u00e9 \u00e0 Pau (64000), notre bureau d&rsquo;\u00e9tudes est\u00a0sp\u00e9cialis\u00e9 dans l&rsquo;ing\u00e9nierie des fluides appliqu\u00e9e aux b\u00e2timents tertiaires, \u00e0 l&rsquo;industrie et aux logements : chauffage, climatisation, ventilation,\u00a0plomberie sanitaire, gaz,\u00a0fontainerie,\u00a0traitement d&rsquo;air, extraction sp\u00e9cifique,\u00a0d\u00e9senfumage, fluides m\u00e9dicaux, fluides industriels, protection incendie, \u00e9nergies renouvelables&#8230; Notre activit\u00e9 principale concerne les \u00e9tudes d&rsquo;ex\u00e9cution et de synth\u00e8se technique en phase [&hellip;]<\/p>\n","protected":false},"author":1,"featured_media":572,"parent":0,"menu_order":1,"comment_status":"closed","ping_status":"closed","template":"","meta":{"footnotes":""},"class_list":["post-38","page","type-page","status-publish","has-post-thumbnail","hentry"],"_links":{"self":[{"href":"https:\/\/bet-dejardin.fr\/index.php?rest_route=\/wp\/v2\/pages\/38","targetHints":{"allow":["GET"]}}],"collection":[{"href":"https:\/\/bet-dejardin.fr\/index.php?rest_route=\/wp\/v2\/pages"}],"about":[{"href":"https:\/\/bet-dejardin.fr\/index.php?rest_route=\/wp\/v2\/types\/page"}],"author":[{"embeddable":true,"href":"https:\/\/bet-dejardin.fr\/index.php?rest_route=\/wp\/v2\/users\/1"}],"replies":[{"embeddable":true,"href":"https:\/\/bet-dejardin.fr\/index.php?rest_route=%2Fwp%2Fv2%2Fcomments&post=38"}],"version-history":[{"count":46,"href":"https:\/\/bet-dejardin.fr\/index.php?rest_route=\/wp\/v2\/pages\/38\/revisions"}],"predecessor-version":[{"id":1028,"href":"https:\/\/bet-dejardin.fr\/index.php?rest_route=\/wp\/v2\/pages\/38\/revisions\/1028"}],"wp:featuredmedia":[{"embeddable":true,"href":"https:\/\/bet-dejardin.fr\/index.php?rest_route=\/wp\/v2\/media\/572"}],"wp:attachment":[{"href":"https:\/\/bet-dejardin.fr\/index.php?rest_route=%2Fwp%2Fv2%2Fmedia&parent=38"}],"curies":[{"name":"wp","href":"https:\/\/api.w.org\/{rel}","templated":true}]}}